{"id":698,"date":"2021-03-16T16:15:11","date_gmt":"2021-03-16T15:15:11","guid":{"rendered":"https:\/\/blog.insieme.ch\/zum-blog-mitteilen\/"},"modified":"2021-09-28T15:51:13","modified_gmt":"2021-09-28T13:51:13","slug":"participer-au-blog","status":"publish","type":"page","link":"https:\/\/blog.insieme.ch\/fr\/participer-au-blog\/","title":{"rendered":"Participer au blog"},"content":{"rendered":"<p><!-- flzn:zn_pagebanner --><\/p>\n<header id=\"flzn-pagebanner-1\" class=\"zone zn-pagebanner is-alignfull with-bg bg-color is-bgc-yellow-light\"><span class=\"zone-bg bg-color bgc-yellow-light alignfull\"><\/span><\/p>\n<div class=\"zone-block zn-pagebanner-block alignfull va-center\"><\/div>\n<\/header>\n<p><!-- \/flzn:zn_pagebanner --><br \/>\n<!-- flzn:zn_falc --><\/p>\n<div id=\"flzn-falc-1\" class=\"zone zn-falc is-alignwide\">\n<div class=\"zone-block zn-falc-block alignwide va-top\">\n<div class=\"row mw-content-zone\">\n<div class=\"large-12 columns\">\n<div class=\"row with-nice-alignment va-top\">\n<div class=\"columns large-12 zn-falc-col\">\n<div class=\"columns-inner zn-falc-col-inner\">\n<ul class=\"accordion zn-falc-accordion mw-1250\" data-accordion data-accordion data-multi-expand=\"true\" data-allow-all-closed=\"true\">\n<li class=\"accordion-item zn-falc-item\" data-accordion-item>\n\t\t\t\t\t\t\t\t\t\t<a href=\"#\" class=\"accordion-title zn-falc-item-title\"><br \/>\n\t\t\t\t\t\t\t\t\t\t\t<i class=\"skf-falc-square\"><\/i><\/p>\n<h3 class=\"zn-falc-item-titletxt\">Voir la version FALC (Facile \u00e0 lire et \u00e0 comprendre)<\/h3>\n<p>\t\t\t\t\t\t\t\t\t\t<\/a><\/p>\n<div class=\"accordion-content zn-falc-item-content\" data-tab-content>\n<div class=\"zn-falc-item-desc wig-content\">\n<p><strong>Participer au blog<\/strong><\/p>\n<p>Le blog insieme s\u2019appelle des r\u00e9cits <strong>extra-ordinaires<\/strong>.<\/p>\n<p>Un blog est une page sur internet.<\/p>\n<p>&nbsp;<\/p>\n<p>Vous pouvez \u00e9crire quelque chose sur le blog.<\/p>\n<p>Cela s\u2019appelle \u00e9crire un <strong>contenu<\/strong>.<\/p>\n<p>Les contenus peuvent \u00eatre des choses diff\u00e9rentes.<\/p>\n<p>Par exemple&#160;&#160;:<\/p>\n<ul>\n<li>des textes<\/li>\n<li>des dessins<\/li>\n<li>des vid\u00e9os<\/li>\n<\/ul>\n<p>&nbsp;<\/p>\n<p>Qui peut \u00e9crire un contenu&#160;&#160;?<\/p>\n<p><strong>Beaucoup<\/strong> de personnes avec et sans handicap<\/p>\n<p>peuvent \u00e9crire un contenu.<\/p>\n<p>Par exemple&#160;&#160;:<\/p>\n<ul>\n<li>des personnes avec un handicap mental<\/li>\n<li>les parents, les grands-parents et les fr\u00e8res et s\u0153urs<\/li>\n<\/ul>\n<p>de personnes avec handicap mental<\/p>\n<ul>\n<li>des sp\u00e9cialistes<\/li>\n<li>des journalistes d\u2019insieme Suisse<\/li>\n<\/ul>\n<p>&nbsp;<\/p>\n<p>Toutes ces personnes racontent sur des sujets diff\u00e9rents.<\/p>\n<p>Par exemple&#160;&#160;:<\/p>\n<ul>\n<li>leurs exp\u00e9riences et leurs aventures<\/li>\n<li>leurs d\u00e9sirs<\/li>\n<li>leurs id\u00e9es<\/li>\n<li>et encore beaucoup d\u2019autres choses<\/li>\n<\/ul>\n<p>&nbsp;<\/p>\n<p>Mais aussi&#160;&#160;:<\/p>\n<ul>\n<li>donnent leurs avis<\/li>\n<li>posent des questions int\u00e9ressantes<\/li>\n<\/ul>\n<p>&nbsp;<\/p>\n<p><strong>Beaucoup<\/strong> de sujets int\u00e9ressants sont sur le blog insieme.<\/p>\n<p><strong>Beaucoup<\/strong> de sujets parlent du handicap mental.<\/p>\n<p>Mais il y a aussi <strong>beaucoup<\/strong> d\u2019autres sujets sur le blog insieme.<\/p>\n<p>&nbsp;<\/p>\n<p><strong>Toutes<\/strong> les personnes peuvent lire ou regarder le blog.<\/p>\n<p>Chaque personne peut \u00e9crire un commentaire.<\/p>\n<p>Chaque personne peut partager un contenu avec d\u2019autres personnes.<\/p>\n<p>&nbsp;<\/p>\n<p>Vous voulez aussi raconter quelque chose&#160;&#160;?<\/p>\n<p>Vous voulez parler d\u2019un sujet qui vous int\u00e9resse&#160;&#160;?<\/p>\n<p>Vous voulez montrer vos dessins&#160;&#160;?<\/p>\n<p>Le blog est ouvert pour <strong>toutes<\/strong> vos id\u00e9es.<\/p>\n<p>Le blog est ouvert pour<strong> tous<\/strong> vos contenus.<\/p>\n<p>&nbsp;<\/p>\n<p>Une personne qui publie un contenu sur le blog<\/p>\n<p>s\u2019appelle une bloggeuse pour une femme ou<\/p>\n<p>un bloggeur pour un homme.<\/p>\n<p>Vous aimeriez aussi devenir une bloggeuse ou un bloggeur&#160;&#160;?<\/p>\n<p>Alors \u00e9crivez-nous et racontez-nous ce qui vous int\u00e9resse.<\/p>\n<p>Vous voulez faire un contenu et vous avez besoin d\u2019aide&#160;&#160;?<\/p>\n<p>Alors \u00e9crivez-nous.<\/p>\n<p>Remplissez le formulaire ci-dessous.<\/p>\n<p>Ou appelez-nous.<\/p>\n<p>Notre num\u00e9ro de t\u00e9l\u00e9phone est le 031 300 50 20.<\/p>\n<p>insieme vous aide volontiers.<\/p>\n<\/div><\/div>\n<\/li>\n<\/ul><\/div>\n<\/p><\/div>\n<\/p><\/div>\n<\/p><\/div>\n<\/p><\/div>\n<\/p><\/div>\n<\/div>\n<p><!-- \/flzn:zn_falc --><br \/>\n<!-- flzn:zn_text --><\/p>\n<div id=\"flzn-text-1\" class=\"zone zn-text is-alignwide\">\n<div class=\"zone-block zn-text-block alignwide va-top\">\n<div class=\"row mw-content-zone zn-text-row\">\n<div class=\"columns large-12\">\n<div class=\"row with-nice-alignment nbloc-2 va-top\">\n<div class=\"columns large-6 zn-text-col\">\n<div class=\"columns-inner\">\n<div class=\"wig-content mw-content\">\n<h2>Un blog inclusif<\/h2>\n<p>Le blog insieme \u00ab&#160;&#160;r\u00e9cits extra-ordinaires&#160;&#160;\u00bb se veut ouvert aux personnes en situation de handicap mental, \u00e0 leurs proches, aux chercheurs\u00b7euses et aux r\u00e9dacteurs\u00b7trices int\u00e9ress\u00e9\u00b7e\u00b7s par les questions relatives \u00e0 la d\u00e9ficience intellectuelle.<\/p>\n<p>&nbsp;<\/p>\n<h3><\/h3>\n<\/p><\/div>\n<\/p><\/div>\n<\/p><\/div>\n<div class=\"columns large-6 zn-text-col\">\n<div class=\"columns-inner\">\n<div class=\"wig-content mw-content\">\n<h2>Contenus<\/h2>\n<p>Reportages, interviews, portraits r\u00e9dig\u00e9s par nos journalistes insieme sont \u00e0 d\u00e9couvrir sur le blog insieme \u00ab&#160;&#160;histoires extra-ordinaires&#160;&#160;\u00bb\u2026 mais aussi \u00e0 commenter et \u00e0 partager&#160;&#160;!<\/p>\n<h3><\/h3>\n<\/p><\/div>\n<\/p><\/div>\n<\/p><\/div>\n<\/p><\/div>\n<\/p><\/div>\n<\/p><\/div>\n<\/div>\n<\/div>\n<p><!-- \/flzn:zn_text --><br \/>\n<!-- flzn:zn_text_img --><\/p>\n<div id=\"flzn-textimg-1\" class=\"zone zn-textimg is-alignwide\">\n<div class=\"zone-block zn-textimg-block alignwide va-center\">\n<div class=\"row\">\n<div class=\"columns large-12\">\n<div class=\"row with-nice-alignment zn-textimg-row va-center\" data-equalizer data-equalize-on=\"large\">\n<div class=\"columns large-6 large-push-6 zn-textimg-colimg\" data-equalizer-watch>\n<div class=\"columns-inner zn-textimg-col-inner\">\n<div class=\"zn-textimg-imgs\">\n<div class=\"zn-textimg-imgbox\" title=\"\">\n<figure class=\"zn-textimg-figure\">\n\t\t\t\t\t\t\t\t\t<img decoding=\"async\" class=\"zn-textimg-img\" src=\"https:\/\/blog.insieme.ch\/wp-inside\/uploads\/2021\/04\/nick-morrison-fhnnjk1yj7y-unsplash-2-800x530.jpg\" alt=\"\"\/><br \/>\n\t\t\t\t\t\t\t\t\t\t\t\t\t\t\t\t\t<\/figure>\n<\/p><\/div>\n<\/p><\/div>\n<\/p><\/div>\n<\/p><\/div>\n<div class=\"columns large-6 large-pull-6 zn-textimg-coldesc\" data-equalizer-watch>\n<div class=\"columns-inner zn-textimg-descbox\">\n<div class=\"zn-textimg-desc wig-content\">\n<h2>Quelque chose \u00e0 raconter&#160;&#160;?<\/h2>\n<p>Vous avez particip\u00e9 \u00e0 un cours de <strong>yoga inclusif<\/strong> et souhaitez nous faire part de votre exp\u00e9rience sous la forme d\u2019une vid\u00e9o ou d\u2019un reportage photo&#160;&#160;?<\/p>\n<p>Votre travail de recherche sur la <strong>repr\u00e9sentation des personnes avec un handicap mental<\/strong> dans les m\u00e9dias vous passionne&#160;&#160;? Et vous souhaitez partager votre expertise&#160;&#160;?<\/p>\n<p>En tant qu\u2019autorepr\u00e9sentant, <strong>vous vous engagez<\/strong> pour que la voix des personnes avec un handicap soit entendue&#160;&#160;?<\/p>\n<p>Nous sommes continuellement \u00e0 la recherche de t\u00e9moignages, d\u2019exp\u00e9riences v\u00e9cues, de r\u00e9cits surprenants du quotidien et de points de vue \u00e9clair\u00e9s et \u00e9clairants.<br \/>\nEcrivez-nous et parlez-nous de ce qui vous touche, (pr\u00e9)occupe ou motive.<\/p>\n<h3><\/h3>\n<\/div><\/div>\n<\/p><\/div>\n<\/p><\/div>\n<\/p><\/div>\n<\/p><\/div>\n<\/div>\n<\/div>\n<p><!-- \/flzn:zn_text_img --><br \/>\n<!-- flzn:zn_text --><\/p>\n<div id=\"flzn-text-2\" class=\"zone zn-text is-alignwide\">\n<div class=\"zone-block zn-text-block alignwide va-top\">\n<div class=\"row mw-content-zone zn-text-row\">\n<div class=\"columns large-12\">\n<div class=\"row large-up-1 with-nice-alignment nbloc-1\">\n<div class=\"column zn-text-col\">\n<div class=\"column-inner\">\n<div class=\"wig-content mw-content\">\n<div class=\"wpforms-container wpforms-container-full\" id=\"wpforms-2605\">\n<form id=\"wpforms-form-2605\" class=\"wpforms-validate wpforms-form wpforms-ajax-form\" data-formid=\"2605\" method=\"post\" enctype=\"multipart\/form-data\" action=\"\/wp-admin\/post.php\" data-token=\"ca8a7bdf7302ec1f8e1879570016d7f7\"><noscript class=\"wpforms-error-noscript\">Please enable JavaScript in your browser to complete this form.<\/noscript><\/p>\n<div class=\"wpforms-field-container\">\n<div id=\"wpforms-2605-field_1-container\" class=\"wpforms-field wpforms-field-text\" data-field-id=\"1\"><label class=\"wpforms-field-label\" for=\"wpforms-2605-field_1\">Pr\u00e9nom <span class=\"wpforms-required-label\">*<\/span><\/label><input type=\"text\" id=\"wpforms-2605-field_1\" class=\"wpforms-field-medium wpforms-field-required\" name=\"wpforms[fields][1]\" required><\/div>\n<div id=\"wpforms-2605-field_2-container\" class=\"wpforms-field wpforms-field-text\" data-field-id=\"2\"><label class=\"wpforms-field-label\" for=\"wpforms-2605-field_2\">Nom <span class=\"wpforms-required-label\">*<\/span><\/label><input type=\"text\" id=\"wpforms-2605-field_2\" class=\"wpforms-field-medium wpforms-field-required\" name=\"wpforms[fields][2]\" required><\/div>\n<div id=\"wpforms-2605-field_3-container\" class=\"wpforms-field wpforms-field-email\" data-field-id=\"3\"><label class=\"wpforms-field-label\" for=\"wpforms-2605-field_3\">Email <span class=\"wpforms-required-label\">*<\/span><\/label><input type=\"email\" id=\"wpforms-2605-field_3\" class=\"wpforms-field-medium wpforms-field-required\" name=\"wpforms[fields][3]\" required><\/div>\n<div id=\"wpforms-2605-field_4-container\" class=\"wpforms-field wpforms-field-textarea\" data-field-id=\"4\"><label class=\"wpforms-field-label\" for=\"wpforms-2605-field_4\">Paragraph Text<\/label><textarea id=\"wpforms-2605-field_4\" class=\"wpforms-field-medium\" name=\"wpforms[fields][4]\" ><\/textarea><\/div>\n<\/div>\n<div class=\"wpforms-submit-container\" ><input type=\"hidden\" name=\"wpforms[id]\" value=\"2605\"><input type=\"hidden\" name=\"wpforms[author]\" value=\"0\"><button type=\"submit\" name=\"wpforms[submit]\" class=\"wpforms-submit \" id=\"wpforms-submit-2605\" value=\"wpforms-submit\" aria-live=\"assertive\" data-alt-text=\"Sending...\" data-submit-text=\"Envoyer\">Envoyer<\/button><img loading=\"lazy\" decoding=\"async\" src=\"https:\/\/blog.insieme.ch\/wp-inside\/plugins\/wpforms\/assets\/images\/submit-spin.svg\" class=\"wpforms-submit-spinner\" style=\"display: none;\" width=\"26\" height=\"26\" alt=\"\"><\/div>\n<\/form>\n<\/div>\n<p>  <!-- .wpforms-container -->\n\t\t\t\t\t\t\t\t<\/div>\n<\/p><\/div>\n<\/p><\/div>\n<\/p><\/div>\n<\/p><\/div>\n<\/p><\/div>\n<\/div>\n<\/div>\n<p><!-- \/flzn:zn_text --><\/p>\n","protected":false},"excerpt":{"rendered":"<p>Voir la version FALC (Facile \u00e0 lire et \u00e0 comprendre) Participer au blog Le blog insieme s\u2019appelle des r\u00e9cits extra-ordinaires. Un blog est une page sur internet. &nbsp; Vous pouvez [&hellip;]<\/p>\n","protected":false},"author":11,"featured_media":0,"parent":0,"menu_order":20,"comment_status":"closed","ping_status":"closed","template":"","meta":{"_acf_changed":false,"footnotes":""},"class_list":["post-698","page","type-page","status-publish","hentry","wp-sticky"],"acf":[],"yoast_head":"<!-- This site is optimized with the Yoast SEO plugin v27.5 - https:\/\/yoast.com\/product\/yoast-seo-wordpress\/ -->\n<title>Participer au blog<\/title>\n<meta name=\"robots\" content=\"index, follow, max-snippet:-1, max-image-preview:large, max-video-preview:-1\" \/>\n<link rel=\"canonical\" href=\"https:\/\/blog.insieme.ch\/fr\/participer-au-blog\/\" \/>\n<meta property=\"og:locale\" content=\"fr_FR\" \/>\n<meta property=\"og:type\" content=\"article\" \/>\n<meta property=\"og:title\" content=\"Participer au blog\" \/>\n<meta property=\"og:description\" content=\"Voir la version FALC (Facile \u00e0 lire et \u00e0 comprendre) Participer au blog Le blog insieme s\u2019appelle des r\u00e9cits extra-ordinaires. Un blog est une page sur internet. &nbsp; Vous pouvez [&hellip;]\" \/>\n<meta property=\"og:url\" content=\"https:\/\/blog.insieme.ch\/fr\/participer-au-blog\/\" \/>\n<meta property=\"og:site_name\" content=\"insieme Blog\" \/>\n<meta property=\"article:publisher\" content=\"https:\/\/www.facebook.com\/insiemeSuisse\/\" \/>\n<meta property=\"article:modified_time\" content=\"2021-09-28T13:51:13+00:00\" \/>\n<meta property=\"og:image\" content=\"https:\/\/blog.insieme.ch\/wp-inside\/uploads\/2021\/04\/nick-morrison-fhnnjk1yj7y-unsplash-2-800x530.jpg\" \/>\n<meta name=\"twitter:card\" content=\"summary_large_image\" \/>\n<meta name=\"twitter:site\" content=\"@insiemeSuisse\" \/>\n<meta name=\"twitter:label1\" content=\"Dur\u00e9e de lecture estim\u00e9e\" \/>\n\t<meta name=\"twitter:data1\" content=\"3 minutes\" \/>\n<script type=\"application\/ld+json\" class=\"yoast-schema-graph\">{\"@context\":\"https:\\\/\\\/schema.org\",\"@graph\":[{\"@type\":\"WebPage\",\"@id\":\"https:\\\/\\\/blog.insieme.ch\\\/fr\\\/participer-au-blog\\\/\",\"url\":\"https:\\\/\\\/blog.insieme.ch\\\/fr\\\/participer-au-blog\\\/\",\"name\":\"Participer au blog\",\"isPartOf\":{\"@id\":\"https:\\\/\\\/blog.insieme.ch\\\/fr\\\/#website\"},\"primaryImageOfPage\":{\"@id\":\"https:\\\/\\\/blog.insieme.ch\\\/fr\\\/participer-au-blog\\\/#primaryimage\"},\"image\":{\"@id\":\"https:\\\/\\\/blog.insieme.ch\\\/fr\\\/participer-au-blog\\\/#primaryimage\"},\"thumbnailUrl\":\"https:\\\/\\\/blog.insieme.ch\\\/wp-inside\\\/uploads\\\/2021\\\/04\\\/nick-morrison-fhnnjk1yj7y-unsplash-2-800x530.jpg\",\"datePublished\":\"2021-03-16T15:15:11+00:00\",\"dateModified\":\"2021-09-28T13:51:13+00:00\",\"breadcrumb\":{\"@id\":\"https:\\\/\\\/blog.insieme.ch\\\/fr\\\/participer-au-blog\\\/#breadcrumb\"},\"inLanguage\":\"fr-FR\",\"potentialAction\":[{\"@type\":\"ReadAction\",\"target\":[\"https:\\\/\\\/blog.insieme.ch\\\/fr\\\/participer-au-blog\\\/\"]}]},{\"@type\":\"ImageObject\",\"inLanguage\":\"fr-FR\",\"@id\":\"https:\\\/\\\/blog.insieme.ch\\\/fr\\\/participer-au-blog\\\/#primaryimage\",\"url\":\"https:\\\/\\\/blog.insieme.ch\\\/wp-inside\\\/uploads\\\/2021\\\/04\\\/nick-morrison-fhnnjk1yj7y-unsplash-2-800x530.jpg\",\"contentUrl\":\"https:\\\/\\\/blog.insieme.ch\\\/wp-inside\\\/uploads\\\/2021\\\/04\\\/nick-morrison-fhnnjk1yj7y-unsplash-2-800x530.jpg\"},{\"@type\":\"BreadcrumbList\",\"@id\":\"https:\\\/\\\/blog.insieme.ch\\\/fr\\\/participer-au-blog\\\/#breadcrumb\",\"itemListElement\":[{\"@type\":\"ListItem\",\"position\":1,\"name\":\"Accueil\",\"item\":\"https:\\\/\\\/blog.insieme.ch\\\/fr\\\/\"},{\"@type\":\"ListItem\",\"position\":2,\"name\":\"Participer au blog\"}]},{\"@type\":\"WebSite\",\"@id\":\"https:\\\/\\\/blog.insieme.ch\\\/fr\\\/#website\",\"url\":\"https:\\\/\\\/blog.insieme.ch\\\/fr\\\/\",\"name\":\"insieme Blog\",\"description\":\"Alles ausser gew\u00f6hnlich\",\"publisher\":{\"@id\":\"https:\\\/\\\/blog.insieme.ch\\\/fr\\\/#organization\"},\"potentialAction\":[{\"@type\":\"SearchAction\",\"target\":{\"@type\":\"EntryPoint\",\"urlTemplate\":\"https:\\\/\\\/blog.insieme.ch\\\/fr\\\/?s={search_term_string}\"},\"query-input\":{\"@type\":\"PropertyValueSpecification\",\"valueRequired\":true,\"valueName\":\"search_term_string\"}}],\"inLanguage\":\"fr-FR\"},{\"@type\":\"Organization\",\"@id\":\"https:\\\/\\\/blog.insieme.ch\\\/fr\\\/#organization\",\"name\":\"insieme Blog\",\"url\":\"https:\\\/\\\/blog.insieme.ch\\\/fr\\\/\",\"logo\":{\"@type\":\"ImageObject\",\"inLanguage\":\"fr-FR\",\"@id\":\"https:\\\/\\\/blog.insieme.ch\\\/fr\\\/#\\\/schema\\\/logo\\\/image\\\/\",\"url\":\"https:\\\/\\\/blog.insieme.ch\\\/wp-inside\\\/uploads\\\/2021\\\/04\\\/logo-insieme-blog.png\",\"contentUrl\":\"https:\\\/\\\/blog.insieme.ch\\\/wp-inside\\\/uploads\\\/2021\\\/04\\\/logo-insieme-blog.png\",\"width\":280,\"height\":81,\"caption\":\"insieme Blog\"},\"image\":{\"@id\":\"https:\\\/\\\/blog.insieme.ch\\\/fr\\\/#\\\/schema\\\/logo\\\/image\\\/\"},\"sameAs\":[\"https:\\\/\\\/www.facebook.com\\\/insiemeSuisse\\\/\",\"https:\\\/\\\/x.com\\\/insiemeSuisse\"]}]}<\/script>\n<!-- \/ Yoast SEO plugin. -->","yoast_head_json":{"title":"Participer au blog","robots":{"index":"index","follow":"follow","max-snippet":"max-snippet:-1","max-image-preview":"max-image-preview:large","max-video-preview":"max-video-preview:-1"},"canonical":"https:\/\/blog.insieme.ch\/fr\/participer-au-blog\/","og_locale":"fr_FR","og_type":"article","og_title":"Participer au blog","og_description":"Voir la version FALC (Facile \u00e0 lire et \u00e0 comprendre) Participer au blog Le blog insieme s\u2019appelle des r\u00e9cits extra-ordinaires. Un blog est une page sur internet. &nbsp; Vous pouvez [&hellip;]","og_url":"https:\/\/blog.insieme.ch\/fr\/participer-au-blog\/","og_site_name":"insieme Blog","article_publisher":"https:\/\/www.facebook.com\/insiemeSuisse\/","article_modified_time":"2021-09-28T13:51:13+00:00","og_image":[{"url":"https:\/\/blog.insieme.ch\/wp-inside\/uploads\/2021\/04\/nick-morrison-fhnnjk1yj7y-unsplash-2-800x530.jpg","type":"","width":"","height":""}],"twitter_card":"summary_large_image","twitter_site":"@insiemeSuisse","twitter_misc":{"Dur\u00e9e de lecture estim\u00e9e":"3 minutes"},"schema":{"@context":"https:\/\/schema.org","@graph":[{"@type":"WebPage","@id":"https:\/\/blog.insieme.ch\/fr\/participer-au-blog\/","url":"https:\/\/blog.insieme.ch\/fr\/participer-au-blog\/","name":"Participer au blog","isPartOf":{"@id":"https:\/\/blog.insieme.ch\/fr\/#website"},"primaryImageOfPage":{"@id":"https:\/\/blog.insieme.ch\/fr\/participer-au-blog\/#primaryimage"},"image":{"@id":"https:\/\/blog.insieme.ch\/fr\/participer-au-blog\/#primaryimage"},"thumbnailUrl":"https:\/\/blog.insieme.ch\/wp-inside\/uploads\/2021\/04\/nick-morrison-fhnnjk1yj7y-unsplash-2-800x530.jpg","datePublished":"2021-03-16T15:15:11+00:00","dateModified":"2021-09-28T13:51:13+00:00","breadcrumb":{"@id":"https:\/\/blog.insieme.ch\/fr\/participer-au-blog\/#breadcrumb"},"inLanguage":"fr-FR","potentialAction":[{"@type":"ReadAction","target":["https:\/\/blog.insieme.ch\/fr\/participer-au-blog\/"]}]},{"@type":"ImageObject","inLanguage":"fr-FR","@id":"https:\/\/blog.insieme.ch\/fr\/participer-au-blog\/#primaryimage","url":"https:\/\/blog.insieme.ch\/wp-inside\/uploads\/2021\/04\/nick-morrison-fhnnjk1yj7y-unsplash-2-800x530.jpg","contentUrl":"https:\/\/blog.insieme.ch\/wp-inside\/uploads\/2021\/04\/nick-morrison-fhnnjk1yj7y-unsplash-2-800x530.jpg"},{"@type":"BreadcrumbList","@id":"https:\/\/blog.insieme.ch\/fr\/participer-au-blog\/#breadcrumb","itemListElement":[{"@type":"ListItem","position":1,"name":"Accueil","item":"https:\/\/blog.insieme.ch\/fr\/"},{"@type":"ListItem","position":2,"name":"Participer au blog"}]},{"@type":"WebSite","@id":"https:\/\/blog.insieme.ch\/fr\/#website","url":"https:\/\/blog.insieme.ch\/fr\/","name":"insieme Blog","description":"Alles ausser gew\u00f6hnlich","publisher":{"@id":"https:\/\/blog.insieme.ch\/fr\/#organization"},"potentialAction":[{"@type":"SearchAction","target":{"@type":"EntryPoint","urlTemplate":"https:\/\/blog.insieme.ch\/fr\/?s={search_term_string}"},"query-input":{"@type":"PropertyValueSpecification","valueRequired":true,"valueName":"search_term_string"}}],"inLanguage":"fr-FR"},{"@type":"Organization","@id":"https:\/\/blog.insieme.ch\/fr\/#organization","name":"insieme Blog","url":"https:\/\/blog.insieme.ch\/fr\/","logo":{"@type":"ImageObject","inLanguage":"fr-FR","@id":"https:\/\/blog.insieme.ch\/fr\/#\/schema\/logo\/image\/","url":"https:\/\/blog.insieme.ch\/wp-inside\/uploads\/2021\/04\/logo-insieme-blog.png","contentUrl":"https:\/\/blog.insieme.ch\/wp-inside\/uploads\/2021\/04\/logo-insieme-blog.png","width":280,"height":81,"caption":"insieme Blog"},"image":{"@id":"https:\/\/blog.insieme.ch\/fr\/#\/schema\/logo\/image\/"},"sameAs":["https:\/\/www.facebook.com\/insiemeSuisse\/","https:\/\/x.com\/insiemeSuisse"]}]}},"_links":{"self":[{"href":"https:\/\/blog.insieme.ch\/fr\/wp-json\/wp\/v2\/pages\/698","targetHints":{"allow":["GET"]}}],"collection":[{"href":"https:\/\/blog.insieme.ch\/fr\/wp-json\/wp\/v2\/pages"}],"about":[{"href":"https:\/\/blog.insieme.ch\/fr\/wp-json\/wp\/v2\/types\/page"}],"author":[{"embeddable":true,"href":"https:\/\/blog.insieme.ch\/fr\/wp-json\/wp\/v2\/users\/11"}],"replies":[{"embeddable":true,"href":"https:\/\/blog.insieme.ch\/fr\/wp-json\/wp\/v2\/comments?post=698"}],"version-history":[{"count":5,"href":"https:\/\/blog.insieme.ch\/fr\/wp-json\/wp\/v2\/pages\/698\/revisions"}],"predecessor-version":[{"id":2606,"href":"https:\/\/blog.insieme.ch\/fr\/wp-json\/wp\/v2\/pages\/698\/revisions\/2606"}],"wp:attachment":[{"href":"https:\/\/blog.insieme.ch\/fr\/wp-json\/wp\/v2\/media?parent=698"}],"curies":[{"name":"wp","href":"https:\/\/api.w.org\/{rel}","templated":true}]}}