{"id":673,"date":"2021-03-11T16:31:02","date_gmt":"2021-03-11T15:31:02","guid":{"rendered":"https:\/\/blog.insieme.ch\/impressum\/"},"modified":"2023-09-04T08:59:51","modified_gmt":"2023-09-04T06:59:51","slug":"mentions-legales","status":"publish","type":"page","link":"https:\/\/blog.insieme.ch\/fr\/mentions-legales\/","title":{"rendered":"Mentions l\u00e9gales"},"content":{"rendered":"<p><!-- flzn:zn_pagebanner --><\/p>\n<header id=\"flzn-pagebanner-1\" class=\"zone zn-pagebanner is-alignfull with-bg bg-color is-bgc-yellow-light\"><span class=\"zone-bg bg-color bgc-yellow-light alignfull\"><\/span><\/p>\n<div class=\"zone-block zn-pagebanner-block alignfull va-center\"><\/div>\n<\/header>\n<p><!-- \/flzn:zn_pagebanner --><br \/>\n<!-- flzn:zn_text --><\/p>\n<div id=\"flzn-text-1\" class=\"zone zn-text\">\n<div class=\"zone-block zn-text-block va-top\">\n<div class=\"row mw-content-zone zn-text-row\">\n<div class=\"columns large-12\">\n<div class=\"row large-up-1 with-nice-alignment nbloc-1\">\n<div class=\"column zn-text-col\">\n<div class=\"column-inner\">\n<div class=\"wig-content mw-content\">\n<p><strong>insieme Suisse<br \/>\n<\/strong><span style=\"font-size: inherit;\">Aarbergergasse 33<br \/>\n<\/span>CH-3001 Bern<br \/>\nTel.&#160;&#160;: +41 31 300 50 20<br \/>\nEmail&#160;&#160;: sekretariat@insieme.ch<\/p>\n<h2>H\u00e9bergement<\/h2>\n<p><strong>Infomaniak<br \/>\n<\/strong>25, rue Eug\u00e8ne-Marziano<br \/>\n1227 Les Acacias<\/p>\n<h2>Conception et r\u00e9f\u00e9rencement du site<\/h2>\n<p><strong>PremierePlace.CH<\/strong><br \/>\nc\/o ASSICURAMA AG<br \/>\nSchwarztorstrasse 123<br \/>\n3007 Bern<br \/>\nT\u00e9l&#160;&#160;: +33 (0)3 89 60 71 61<br \/>\n<strong><a href=\"https:\/\/www.premiereplace.ch\" target=\"_blank\" rel=\"noopener\">www.premiereplace.ch<\/a><\/strong><\/p>\n<h2>Actualit\u00e9<\/h2>\n<p>Malgr\u00e9 nos efforts permanents pour maintenir le site actuel, nous d\u00e9clinons toute responsabilit\u00e9 s\u2019agissant de l\u2019actualit\u00e9, de la correction, de l\u2019exhaustivit\u00e9 ou de la qualit\u00e9 des informations publi\u00e9es.<\/p>\n<h2>Notice juridique<\/h2>\n<p>En d\u00e9pit d\u2019un contr\u00f4le attentif, nous d\u00e9clinons toute responsabilit\u00e9 quant au contenue des sites r\u00e9f\u00e9renc\u00e9s dans nos pages. Les exploitants de ces sites sont seuls responsables de leur contenu.<\/p>\n<h2>Copyright<\/h2>\n<p>L&#8217;utilisation et la diffusion des images de ce site est interdite. Les textes et t\u00e9l\u00e9chargements de ce site ne sont autoris\u00e9s que pour utilisation priv\u00e9e ou journalistique, avec mention de la source. Un usage commercial est interdit.<\/p>\n<\/p><\/div>\n<\/p><\/div>\n<\/p><\/div>\n<\/p><\/div>\n<\/p><\/div>\n<\/p><\/div>\n<\/div>\n<\/div>\n<p><!-- \/flzn:zn_text --><\/p>\n","protected":false},"excerpt":{"rendered":"<p>insieme Suisse Aarbergergasse 33 CH-3001 Bern Tel.&#160;&#160;: +41 31 300 50 20 Email&#160;&#160;: sekretariat@insieme.ch H\u00e9bergement Infomaniak 25, rue Eug\u00e8ne-Marziano 1227 Les Acacias Conception et r\u00e9f\u00e9rencement du site PremierePlace.CH c\/o ASSICURAMA [&hellip;]<\/p>\n","protected":false},"author":11,"featured_media":0,"parent":0,"menu_order":100,"comment_status":"closed","ping_status":"closed","template":"","meta":{"_acf_changed":false,"footnotes":""},"class_list":["post-673","page","type-page","status-publish","hentry","wp-sticky"],"acf":[],"yoast_head":"<!-- This site is optimized with the Yoast SEO plugin v27.4 - https:\/\/yoast.com\/product\/yoast-seo-wordpress\/ -->\n<title>Mentions l\u00e9gales<\/title>\n<meta name=\"robots\" content=\"index, follow, max-snippet:-1, max-image-preview:large, max-video-preview:-1\" \/>\n<link rel=\"canonical\" href=\"https:\/\/blog.insieme.ch\/fr\/mentions-legales\/\" \/>\n<meta property=\"og:locale\" content=\"fr_FR\" \/>\n<meta property=\"og:type\" content=\"article\" \/>\n<meta property=\"og:title\" content=\"Mentions l\u00e9gales\" \/>\n<meta property=\"og:description\" content=\"insieme Suisse Aarbergergasse 33 CH-3001 Bern Tel.&#160;&#160;: +41 31 300 50 20 Email&#160;&#160;: sekretariat@insieme.ch H\u00e9bergement Infomaniak 25, rue Eug\u00e8ne-Marziano 1227 Les Acacias Conception et r\u00e9f\u00e9rencement du site PremierePlace.CH c\/o ASSICURAMA [&hellip;]\" \/>\n<meta property=\"og:url\" content=\"https:\/\/blog.insieme.ch\/fr\/mentions-legales\/\" \/>\n<meta property=\"og:site_name\" content=\"insieme Blog\" \/>\n<meta property=\"article:publisher\" content=\"https:\/\/www.facebook.com\/insiemeSuisse\/\" \/>\n<meta property=\"article:modified_time\" content=\"2023-09-04T06:59:51+00:00\" \/>\n<meta property=\"og:image\" content=\"https:\/\/blog.insieme.ch\/wp-inside\/uploads\/2021\/04\/share.jpg\" \/>\n\t<meta property=\"og:image:width\" content=\"1200\" \/>\n\t<meta property=\"og:image:height\" content=\"630\" \/>\n\t<meta property=\"og:image:type\" content=\"image\/jpeg\" \/>\n<meta name=\"twitter:card\" content=\"summary_large_image\" \/>\n<meta name=\"twitter:site\" content=\"@insiemeSuisse\" \/>\n<meta name=\"twitter:label1\" content=\"Dur\u00e9e de lecture estim\u00e9e\" \/>\n\t<meta name=\"twitter:data1\" content=\"1 minute\" \/>\n<script type=\"application\/ld+json\" class=\"yoast-schema-graph\">{\"@context\":\"https:\\\/\\\/schema.org\",\"@graph\":[{\"@type\":\"WebPage\",\"@id\":\"https:\\\/\\\/blog.insieme.ch\\\/fr\\\/mentions-legales\\\/\",\"url\":\"https:\\\/\\\/blog.insieme.ch\\\/fr\\\/mentions-legales\\\/\",\"name\":\"Mentions l\u00e9gales\",\"isPartOf\":{\"@id\":\"https:\\\/\\\/blog.insieme.ch\\\/fr\\\/#website\"},\"datePublished\":\"2021-03-11T15:31:02+00:00\",\"dateModified\":\"2023-09-04T06:59:51+00:00\",\"breadcrumb\":{\"@id\":\"https:\\\/\\\/blog.insieme.ch\\\/fr\\\/mentions-legales\\\/#breadcrumb\"},\"inLanguage\":\"fr-FR\",\"potentialAction\":[{\"@type\":\"ReadAction\",\"target\":[\"https:\\\/\\\/blog.insieme.ch\\\/fr\\\/mentions-legales\\\/\"]}]},{\"@type\":\"BreadcrumbList\",\"@id\":\"https:\\\/\\\/blog.insieme.ch\\\/fr\\\/mentions-legales\\\/#breadcrumb\",\"itemListElement\":[{\"@type\":\"ListItem\",\"position\":1,\"name\":\"Accueil\",\"item\":\"https:\\\/\\\/blog.insieme.ch\\\/fr\\\/\"},{\"@type\":\"ListItem\",\"position\":2,\"name\":\"Mentions l\u00e9gales\"}]},{\"@type\":\"WebSite\",\"@id\":\"https:\\\/\\\/blog.insieme.ch\\\/fr\\\/#website\",\"url\":\"https:\\\/\\\/blog.insieme.ch\\\/fr\\\/\",\"name\":\"insieme Blog\",\"description\":\"Alles ausser gew\u00f6hnlich\",\"publisher\":{\"@id\":\"https:\\\/\\\/blog.insieme.ch\\\/fr\\\/#organization\"},\"potentialAction\":[{\"@type\":\"SearchAction\",\"target\":{\"@type\":\"EntryPoint\",\"urlTemplate\":\"https:\\\/\\\/blog.insieme.ch\\\/fr\\\/?s={search_term_string}\"},\"query-input\":{\"@type\":\"PropertyValueSpecification\",\"valueRequired\":true,\"valueName\":\"search_term_string\"}}],\"inLanguage\":\"fr-FR\"},{\"@type\":\"Organization\",\"@id\":\"https:\\\/\\\/blog.insieme.ch\\\/fr\\\/#organization\",\"name\":\"insieme Blog\",\"url\":\"https:\\\/\\\/blog.insieme.ch\\\/fr\\\/\",\"logo\":{\"@type\":\"ImageObject\",\"inLanguage\":\"fr-FR\",\"@id\":\"https:\\\/\\\/blog.insieme.ch\\\/fr\\\/#\\\/schema\\\/logo\\\/image\\\/\",\"url\":\"https:\\\/\\\/blog.insieme.ch\\\/wp-inside\\\/uploads\\\/2021\\\/04\\\/logo-insieme-blog.png\",\"contentUrl\":\"https:\\\/\\\/blog.insieme.ch\\\/wp-inside\\\/uploads\\\/2021\\\/04\\\/logo-insieme-blog.png\",\"width\":280,\"height\":81,\"caption\":\"insieme Blog\"},\"image\":{\"@id\":\"https:\\\/\\\/blog.insieme.ch\\\/fr\\\/#\\\/schema\\\/logo\\\/image\\\/\"},\"sameAs\":[\"https:\\\/\\\/www.facebook.com\\\/insiemeSuisse\\\/\",\"https:\\\/\\\/x.com\\\/insiemeSuisse\"]}]}<\/script>\n<!-- \/ Yoast SEO plugin. -->","yoast_head_json":{"title":"Mentions l\u00e9gales","robots":{"index":"index","follow":"follow","max-snippet":"max-snippet:-1","max-image-preview":"max-image-preview:large","max-video-preview":"max-video-preview:-1"},"canonical":"https:\/\/blog.insieme.ch\/fr\/mentions-legales\/","og_locale":"fr_FR","og_type":"article","og_title":"Mentions l\u00e9gales","og_description":"insieme Suisse Aarbergergasse 33 CH-3001 Bern Tel.&#160;&#160;: +41 31 300 50 20 Email&#160;&#160;: sekretariat@insieme.ch H\u00e9bergement Infomaniak 25, rue Eug\u00e8ne-Marziano 1227 Les Acacias Conception et r\u00e9f\u00e9rencement du site PremierePlace.CH c\/o ASSICURAMA [&hellip;]","og_url":"https:\/\/blog.insieme.ch\/fr\/mentions-legales\/","og_site_name":"insieme Blog","article_publisher":"https:\/\/www.facebook.com\/insiemeSuisse\/","article_modified_time":"2023-09-04T06:59:51+00:00","og_image":[{"width":1200,"height":630,"url":"https:\/\/blog.insieme.ch\/wp-inside\/uploads\/2021\/04\/share.jpg","type":"image\/jpeg"}],"twitter_card":"summary_large_image","twitter_site":"@insiemeSuisse","twitter_misc":{"Dur\u00e9e de lecture estim\u00e9e":"1 minute"},"schema":{"@context":"https:\/\/schema.org","@graph":[{"@type":"WebPage","@id":"https:\/\/blog.insieme.ch\/fr\/mentions-legales\/","url":"https:\/\/blog.insieme.ch\/fr\/mentions-legales\/","name":"Mentions l\u00e9gales","isPartOf":{"@id":"https:\/\/blog.insieme.ch\/fr\/#website"},"datePublished":"2021-03-11T15:31:02+00:00","dateModified":"2023-09-04T06:59:51+00:00","breadcrumb":{"@id":"https:\/\/blog.insieme.ch\/fr\/mentions-legales\/#breadcrumb"},"inLanguage":"fr-FR","potentialAction":[{"@type":"ReadAction","target":["https:\/\/blog.insieme.ch\/fr\/mentions-legales\/"]}]},{"@type":"BreadcrumbList","@id":"https:\/\/blog.insieme.ch\/fr\/mentions-legales\/#breadcrumb","itemListElement":[{"@type":"ListItem","position":1,"name":"Accueil","item":"https:\/\/blog.insieme.ch\/fr\/"},{"@type":"ListItem","position":2,"name":"Mentions l\u00e9gales"}]},{"@type":"WebSite","@id":"https:\/\/blog.insieme.ch\/fr\/#website","url":"https:\/\/blog.insieme.ch\/fr\/","name":"insieme Blog","description":"Alles ausser gew\u00f6hnlich","publisher":{"@id":"https:\/\/blog.insieme.ch\/fr\/#organization"},"potentialAction":[{"@type":"SearchAction","target":{"@type":"EntryPoint","urlTemplate":"https:\/\/blog.insieme.ch\/fr\/?s={search_term_string}"},"query-input":{"@type":"PropertyValueSpecification","valueRequired":true,"valueName":"search_term_string"}}],"inLanguage":"fr-FR"},{"@type":"Organization","@id":"https:\/\/blog.insieme.ch\/fr\/#organization","name":"insieme Blog","url":"https:\/\/blog.insieme.ch\/fr\/","logo":{"@type":"ImageObject","inLanguage":"fr-FR","@id":"https:\/\/blog.insieme.ch\/fr\/#\/schema\/logo\/image\/","url":"https:\/\/blog.insieme.ch\/wp-inside\/uploads\/2021\/04\/logo-insieme-blog.png","contentUrl":"https:\/\/blog.insieme.ch\/wp-inside\/uploads\/2021\/04\/logo-insieme-blog.png","width":280,"height":81,"caption":"insieme Blog"},"image":{"@id":"https:\/\/blog.insieme.ch\/fr\/#\/schema\/logo\/image\/"},"sameAs":["https:\/\/www.facebook.com\/insiemeSuisse\/","https:\/\/x.com\/insiemeSuisse"]}]}},"_links":{"self":[{"href":"https:\/\/blog.insieme.ch\/fr\/wp-json\/wp\/v2\/pages\/673","targetHints":{"allow":["GET"]}}],"collection":[{"href":"https:\/\/blog.insieme.ch\/fr\/wp-json\/wp\/v2\/pages"}],"about":[{"href":"https:\/\/blog.insieme.ch\/fr\/wp-json\/wp\/v2\/types\/page"}],"author":[{"embeddable":true,"href":"https:\/\/blog.insieme.ch\/fr\/wp-json\/wp\/v2\/users\/11"}],"replies":[{"embeddable":true,"href":"https:\/\/blog.insieme.ch\/fr\/wp-json\/wp\/v2\/comments?post=673"}],"version-history":[{"count":3,"href":"https:\/\/blog.insieme.ch\/fr\/wp-json\/wp\/v2\/pages\/673\/revisions"}],"predecessor-version":[{"id":5206,"href":"https:\/\/blog.insieme.ch\/fr\/wp-json\/wp\/v2\/pages\/673\/revisions\/5206"}],"wp:attachment":[{"href":"https:\/\/blog.insieme.ch\/fr\/wp-json\/wp\/v2\/media?parent=673"}],"curies":[{"name":"wp","href":"https:\/\/api.w.org\/{rel}","templated":true}]}}