{"id":14,"date":"2021-03-11T16:28:33","date_gmt":"2021-03-11T15:28:33","guid":{"rendered":"https:\/\/blog.insieme.ch\/home\/"},"modified":"2021-10-13T15:34:07","modified_gmt":"2021-10-13T13:34:07","slug":"home","status":"publish","type":"page","link":"https:\/\/blog.insieme.ch\/fr\/","title":{"rendered":"Blog insieme&#160;: r\u00e9cits extra-ordinaires"},"content":{"rendered":"<p><!-- flzn:zn_participate_blog --><\/p>\n<div id=\"flzn-participateblog-1\" class=\"zone zn-participateblog is-alignwide\">\n<div class=\"zone-block zn-participateblog-block alignwide va-top\">\n<div class=\"row\">\n<div class=\"columns large-12\">\n<div class=\"participatebox bgc-secondary-light\">\n<div class=\"participatebox-imgs slick-slider participateimgslider\">\n<figure class=\"participatebox-imgfig slick-item\">\n<div class=\"participatebox-imgbg\" data-interchange=\"[https:\/\/blog.insieme.ch\/wp-inside\/uploads\/2021\/04\/nick-morrison-fhnnjk1yj7y-unsplash-2-875x500.jpg, small],[https:\/\/blog.insieme.ch\/wp-inside\/uploads\/2021\/04\/nick-morrison-fhnnjk1yj7y-unsplash-2-1470x600.jpg, glarge],\"><\/div>\n<p>\t\t\t\t\t\t\t\t<img decoding=\"async\" class=\"participatebox-img show-for-sr\" src=\"https:\/\/blog.insieme.ch\/wp-inside\/uploads\/2021\/04\/nick-morrison-fhnnjk1yj7y-unsplash-2-875x500.jpg\" alt=\"\" data-interchange=\"[https:\/\/blog.insieme.ch\/wp-inside\/uploads\/2021\/04\/nick-morrison-fhnnjk1yj7y-unsplash-2-875x500.jpg, small],[https:\/\/blog.insieme.ch\/wp-inside\/uploads\/2021\/04\/nick-morrison-fhnnjk1yj7y-unsplash-2-1470x600.jpg, glarge],\"><br \/>\n\t\t\t\t\t\t\t<\/figure>\n<\/p><\/div>\n<div class=\"participatebox-content bgc-yellow-light\">\n\t\t\t\t\t\t<i class=\"participatebox-ico skf-participate-blog\"><\/i><\/p>\n<p class=\"participatebox-txt\">Quelque chose \u00e0 raconter&#160;&#160;?<\/p>\n<h2 class=\"participatebox-title\">Participer au blog<\/h2>\n<p>\t\t\t\t\t\t\t\t\t\t\t\t<a class=\"participatebox-btn button\" href=\"https:\/\/blog.insieme.ch\/fr\/participer-au-blog\/\" title=\"Participer au blog\"><br \/>\n\t\t\t\t\t\t\tEn savoir plus\t\t\t\t\t\t<\/a>\n\t\t\t\t\t<\/div>\n<\/p><\/div>\n<\/p><\/div>\n<\/p><\/div>\n<\/div>\n<\/div>\n<p><!-- \/flzn:zn_participate_blog --><br \/>\n<!-- flzn:zn_banner_ad --><\/p>\n<div id=\"flzn-bannerad-1\" class=\"zone zn-bannerad is-alignwide\">\n<div class=\"zone-block zn-bannerad-block alignwide va-top\">\n<div class=\"row\">\n<div class=\"columns large-12\">\n\t\t\t\t\t\t\t<a href=\"https:\/\/insieme.ch\/fr\/donner\/\" target=\"_blank\" rel=\"noopener\"><\/p>\n<figure class=\"zn-bannerad-imgfig text-center\">\n\t\t\t\t\t<img decoding=\"async\" class=\"zn-bannerad-img\" src=\"https:\/\/blog.insieme.ch\/wp-inside\/uploads\/2021\/05\/2021-05-04-insieme-banner-pub-600x230-fr.jpg\" alt=\"Faire un don pour insieme\" data-interchange=\"[https:\/\/blog.insieme.ch\/wp-inside\/uploads\/2021\/05\/2021-05-04-insieme-banner-pub-600x230-fr.jpg, small],[https:\/\/blog.insieme.ch\/wp-inside\/uploads\/2021\/05\/2021-05-04-insieme-banner-pub-1100x230-fr.jpg, medium],[https:\/\/blog.insieme.ch\/wp-inside\/uploads\/2021\/05\/2021-05-04-insieme-banner-pub-fr.jpg, xlarge],\"><br \/>\n\t\t\t\t<\/figure>\n<p>\t\t\t\t\t\t\t<\/a>\n\t\t\t\t\t<\/div>\n<\/p><\/div>\n<\/div>\n<\/div>\n<p><!-- \/flzn:zn_banner_ad --><\/p>\n","protected":false},"excerpt":{"rendered":"<p>Quelque chose \u00e0 raconter&#160;&#160;? Participer au blog En savoir plus<\/p>\n","protected":false},"author":11,"featured_media":0,"parent":0,"menu_order":0,"comment_status":"closed","ping_status":"closed","template":"","meta":{"_acf_changed":false,"footnotes":""},"class_list":["post-14","page","type-page","status-publish","hentry","wp-sticky"],"acf":[],"yoast_head":"<!-- This site is optimized with the Yoast SEO plugin v27.4 - https:\/\/yoast.com\/product\/yoast-seo-wordpress\/ -->\n<title>insieme Blog : Blog insieme: r\u00e9cits extra-ordinaires<\/title>\n<meta name=\"description\" content=\"Le blog insieme est un espace d\u2019expression inclusif ouvert aux personnes avec et sans handicap mental, int\u00e9ress\u00e9es par les questions li\u00e9es \u00e0 la d\u00e9ficience intellectuelle.\" \/>\n<meta name=\"robots\" content=\"index, follow, max-snippet:-1, max-image-preview:large, max-video-preview:-1\" \/>\n<link rel=\"canonical\" href=\"https:\/\/blog.insieme.ch\/fr\/\" \/>\n<meta property=\"og:locale\" content=\"fr_FR\" \/>\n<meta property=\"og:type\" content=\"article\" \/>\n<meta property=\"og:title\" content=\"insieme Blog : Blog insieme: r\u00e9cits extra-ordinaires\" \/>\n<meta property=\"og:description\" content=\"Le blog insieme est un espace d\u2019expression inclusif ouvert aux personnes avec et sans handicap mental, int\u00e9ress\u00e9es par les questions li\u00e9es \u00e0 la d\u00e9ficience intellectuelle.\" \/>\n<meta property=\"og:url\" content=\"https:\/\/blog.insieme.ch\/fr\/\" \/>\n<meta property=\"og:site_name\" content=\"insieme Blog\" \/>\n<meta property=\"article:publisher\" content=\"https:\/\/www.facebook.com\/insiemeSuisse\/\" \/>\n<meta property=\"article:modified_time\" content=\"2021-10-13T13:34:07+00:00\" \/>\n<meta property=\"og:image\" content=\"https:\/\/blog.insieme.ch\/wp-inside\/uploads\/2021\/04\/nick-morrison-fhnnjk1yj7y-unsplash-2-875x500.jpg\" \/>\n<meta name=\"twitter:card\" content=\"summary_large_image\" \/>\n<meta name=\"twitter:site\" content=\"@insiemeSuisse\" \/>\n<script type=\"application\/ld+json\" class=\"yoast-schema-graph\">{\"@context\":\"https:\\\/\\\/schema.org\",\"@graph\":[{\"@type\":\"WebPage\",\"@id\":\"https:\\\/\\\/blog.insieme.ch\\\/fr\\\/\",\"url\":\"https:\\\/\\\/blog.insieme.ch\\\/fr\\\/\",\"name\":\"insieme Blog : Blog insieme: r\u00e9cits extra-ordinaires\",\"isPartOf\":{\"@id\":\"https:\\\/\\\/blog.insieme.ch\\\/fr\\\/#website\"},\"primaryImageOfPage\":{\"@id\":\"https:\\\/\\\/blog.insieme.ch\\\/fr\\\/#primaryimage\"},\"image\":{\"@id\":\"https:\\\/\\\/blog.insieme.ch\\\/fr\\\/#primaryimage\"},\"thumbnailUrl\":\"https:\\\/\\\/blog.insieme.ch\\\/wp-inside\\\/uploads\\\/2021\\\/04\\\/nick-morrison-fhnnjk1yj7y-unsplash-2-875x500.jpg\",\"datePublished\":\"2021-03-11T15:28:33+00:00\",\"dateModified\":\"2021-10-13T13:34:07+00:00\",\"description\":\"Le blog insieme est un espace d\u2019expression inclusif ouvert aux personnes avec et sans handicap mental, int\u00e9ress\u00e9es par les questions li\u00e9es \u00e0 la d\u00e9ficience intellectuelle.\",\"breadcrumb\":{\"@id\":\"https:\\\/\\\/blog.insieme.ch\\\/fr\\\/#breadcrumb\"},\"inLanguage\":\"fr-FR\",\"potentialAction\":[{\"@type\":\"ReadAction\",\"target\":[\"https:\\\/\\\/blog.insieme.ch\\\/fr\\\/\"]}]},{\"@type\":\"ImageObject\",\"inLanguage\":\"fr-FR\",\"@id\":\"https:\\\/\\\/blog.insieme.ch\\\/fr\\\/#primaryimage\",\"url\":\"https:\\\/\\\/blog.insieme.ch\\\/wp-inside\\\/uploads\\\/2021\\\/04\\\/nick-morrison-fhnnjk1yj7y-unsplash-2-875x500.jpg\",\"contentUrl\":\"https:\\\/\\\/blog.insieme.ch\\\/wp-inside\\\/uploads\\\/2021\\\/04\\\/nick-morrison-fhnnjk1yj7y-unsplash-2-875x500.jpg\"},{\"@type\":\"BreadcrumbList\",\"@id\":\"https:\\\/\\\/blog.insieme.ch\\\/fr\\\/#breadcrumb\",\"itemListElement\":[{\"@type\":\"ListItem\",\"position\":1,\"name\":\"Accueil\",\"item\":\"https:\\\/\\\/blog.insieme.ch\\\/fr\\\/\"},{\"@type\":\"ListItem\",\"position\":2,\"name\":\"Blog insieme&#160;: r\u00e9cits extra-ordinaires\"}]},{\"@type\":\"WebSite\",\"@id\":\"https:\\\/\\\/blog.insieme.ch\\\/fr\\\/#website\",\"url\":\"https:\\\/\\\/blog.insieme.ch\\\/fr\\\/\",\"name\":\"insieme Blog\",\"description\":\"Alles ausser gew\u00f6hnlich\",\"publisher\":{\"@id\":\"https:\\\/\\\/blog.insieme.ch\\\/fr\\\/#organization\"},\"potentialAction\":[{\"@type\":\"SearchAction\",\"target\":{\"@type\":\"EntryPoint\",\"urlTemplate\":\"https:\\\/\\\/blog.insieme.ch\\\/fr\\\/?s={search_term_string}\"},\"query-input\":{\"@type\":\"PropertyValueSpecification\",\"valueRequired\":true,\"valueName\":\"search_term_string\"}}],\"inLanguage\":\"fr-FR\"},{\"@type\":\"Organization\",\"@id\":\"https:\\\/\\\/blog.insieme.ch\\\/fr\\\/#organization\",\"name\":\"insieme Blog\",\"url\":\"https:\\\/\\\/blog.insieme.ch\\\/fr\\\/\",\"logo\":{\"@type\":\"ImageObject\",\"inLanguage\":\"fr-FR\",\"@id\":\"https:\\\/\\\/blog.insieme.ch\\\/fr\\\/#\\\/schema\\\/logo\\\/image\\\/\",\"url\":\"https:\\\/\\\/blog.insieme.ch\\\/wp-inside\\\/uploads\\\/2021\\\/04\\\/logo-insieme-blog.png\",\"contentUrl\":\"https:\\\/\\\/blog.insieme.ch\\\/wp-inside\\\/uploads\\\/2021\\\/04\\\/logo-insieme-blog.png\",\"width\":280,\"height\":81,\"caption\":\"insieme Blog\"},\"image\":{\"@id\":\"https:\\\/\\\/blog.insieme.ch\\\/fr\\\/#\\\/schema\\\/logo\\\/image\\\/\"},\"sameAs\":[\"https:\\\/\\\/www.facebook.com\\\/insiemeSuisse\\\/\",\"https:\\\/\\\/x.com\\\/insiemeSuisse\"]}]}<\/script>\n<!-- \/ Yoast SEO plugin. -->","yoast_head_json":{"title":"insieme Blog : Blog insieme: r\u00e9cits extra-ordinaires","description":"Le blog insieme est un espace d\u2019expression inclusif ouvert aux personnes avec et sans handicap mental, int\u00e9ress\u00e9es par les questions li\u00e9es \u00e0 la d\u00e9ficience intellectuelle.","robots":{"index":"index","follow":"follow","max-snippet":"max-snippet:-1","max-image-preview":"max-image-preview:large","max-video-preview":"max-video-preview:-1"},"canonical":"https:\/\/blog.insieme.ch\/fr\/","og_locale":"fr_FR","og_type":"article","og_title":"insieme Blog : Blog insieme: r\u00e9cits extra-ordinaires","og_description":"Le blog insieme est un espace d\u2019expression inclusif ouvert aux personnes avec et sans handicap mental, int\u00e9ress\u00e9es par les questions li\u00e9es \u00e0 la d\u00e9ficience intellectuelle.","og_url":"https:\/\/blog.insieme.ch\/fr\/","og_site_name":"insieme Blog","article_publisher":"https:\/\/www.facebook.com\/insiemeSuisse\/","article_modified_time":"2021-10-13T13:34:07+00:00","og_image":[{"url":"https:\/\/blog.insieme.ch\/wp-inside\/uploads\/2021\/04\/nick-morrison-fhnnjk1yj7y-unsplash-2-875x500.jpg","type":"","width":"","height":""}],"twitter_card":"summary_large_image","twitter_site":"@insiemeSuisse","schema":{"@context":"https:\/\/schema.org","@graph":[{"@type":"WebPage","@id":"https:\/\/blog.insieme.ch\/fr\/","url":"https:\/\/blog.insieme.ch\/fr\/","name":"insieme Blog : Blog insieme: r\u00e9cits extra-ordinaires","isPartOf":{"@id":"https:\/\/blog.insieme.ch\/fr\/#website"},"primaryImageOfPage":{"@id":"https:\/\/blog.insieme.ch\/fr\/#primaryimage"},"image":{"@id":"https:\/\/blog.insieme.ch\/fr\/#primaryimage"},"thumbnailUrl":"https:\/\/blog.insieme.ch\/wp-inside\/uploads\/2021\/04\/nick-morrison-fhnnjk1yj7y-unsplash-2-875x500.jpg","datePublished":"2021-03-11T15:28:33+00:00","dateModified":"2021-10-13T13:34:07+00:00","description":"Le blog insieme est un espace d\u2019expression inclusif ouvert aux personnes avec et sans handicap mental, int\u00e9ress\u00e9es par les questions li\u00e9es \u00e0 la d\u00e9ficience intellectuelle.","breadcrumb":{"@id":"https:\/\/blog.insieme.ch\/fr\/#breadcrumb"},"inLanguage":"fr-FR","potentialAction":[{"@type":"ReadAction","target":["https:\/\/blog.insieme.ch\/fr\/"]}]},{"@type":"ImageObject","inLanguage":"fr-FR","@id":"https:\/\/blog.insieme.ch\/fr\/#primaryimage","url":"https:\/\/blog.insieme.ch\/wp-inside\/uploads\/2021\/04\/nick-morrison-fhnnjk1yj7y-unsplash-2-875x500.jpg","contentUrl":"https:\/\/blog.insieme.ch\/wp-inside\/uploads\/2021\/04\/nick-morrison-fhnnjk1yj7y-unsplash-2-875x500.jpg"},{"@type":"BreadcrumbList","@id":"https:\/\/blog.insieme.ch\/fr\/#breadcrumb","itemListElement":[{"@type":"ListItem","position":1,"name":"Accueil","item":"https:\/\/blog.insieme.ch\/fr\/"},{"@type":"ListItem","position":2,"name":"Blog insieme&#160;: r\u00e9cits extra-ordinaires"}]},{"@type":"WebSite","@id":"https:\/\/blog.insieme.ch\/fr\/#website","url":"https:\/\/blog.insieme.ch\/fr\/","name":"insieme Blog","description":"Alles ausser gew\u00f6hnlich","publisher":{"@id":"https:\/\/blog.insieme.ch\/fr\/#organization"},"potentialAction":[{"@type":"SearchAction","target":{"@type":"EntryPoint","urlTemplate":"https:\/\/blog.insieme.ch\/fr\/?s={search_term_string}"},"query-input":{"@type":"PropertyValueSpecification","valueRequired":true,"valueName":"search_term_string"}}],"inLanguage":"fr-FR"},{"@type":"Organization","@id":"https:\/\/blog.insieme.ch\/fr\/#organization","name":"insieme Blog","url":"https:\/\/blog.insieme.ch\/fr\/","logo":{"@type":"ImageObject","inLanguage":"fr-FR","@id":"https:\/\/blog.insieme.ch\/fr\/#\/schema\/logo\/image\/","url":"https:\/\/blog.insieme.ch\/wp-inside\/uploads\/2021\/04\/logo-insieme-blog.png","contentUrl":"https:\/\/blog.insieme.ch\/wp-inside\/uploads\/2021\/04\/logo-insieme-blog.png","width":280,"height":81,"caption":"insieme Blog"},"image":{"@id":"https:\/\/blog.insieme.ch\/fr\/#\/schema\/logo\/image\/"},"sameAs":["https:\/\/www.facebook.com\/insiemeSuisse\/","https:\/\/x.com\/insiemeSuisse"]}]}},"_links":{"self":[{"href":"https:\/\/blog.insieme.ch\/fr\/wp-json\/wp\/v2\/pages\/14","targetHints":{"allow":["GET"]}}],"collection":[{"href":"https:\/\/blog.insieme.ch\/fr\/wp-json\/wp\/v2\/pages"}],"about":[{"href":"https:\/\/blog.insieme.ch\/fr\/wp-json\/wp\/v2\/types\/page"}],"author":[{"embeddable":true,"href":"https:\/\/blog.insieme.ch\/fr\/wp-json\/wp\/v2\/users\/11"}],"replies":[{"embeddable":true,"href":"https:\/\/blog.insieme.ch\/fr\/wp-json\/wp\/v2\/comments?post=14"}],"version-history":[{"count":4,"href":"https:\/\/blog.insieme.ch\/fr\/wp-json\/wp\/v2\/pages\/14\/revisions"}],"predecessor-version":[{"id":1940,"href":"https:\/\/blog.insieme.ch\/fr\/wp-json\/wp\/v2\/pages\/14\/revisions\/1940"}],"wp:attachment":[{"href":"https:\/\/blog.insieme.ch\/fr\/wp-json\/wp\/v2\/media?parent=14"}],"curies":[{"name":"wp","href":"https:\/\/api.w.org\/{rel}","templated":true}]}}